{"id":31,"date":"2021-03-30T18:02:57","date_gmt":"2021-03-30T18:02:57","guid":{"rendered":"https:\/\/abriders.com\/rodadas\/?page_id=31"},"modified":"2021-07-26T12:22:17","modified_gmt":"2021-07-26T11:22:17","slug":"empresa","status":"publish","type":"page","link":"https:\/\/abriders.com\/rodadas\/empresa\/","title":{"rendered":"empresa"},"content":{"rendered":"\n<div class=\"wp-block-columns is-layout-flex wp-container-core-columns-is-layout-28f84493 wp-block-columns-is-layout-flex\">\n<div class=\"wp-block-column is-layout-flow wp-block-column-is-layout-flow\" style=\"flex-basis:33.33%\">\n<figure class=\"wp-block-image size-large\"><img loading=\"lazy\" decoding=\"async\" width=\"155\" height=\"700\" src=\"https:\/\/abriders.com\/rodadas\/wp-content\/uploads\/2021\/03\/lateral.jpg\" alt=\"\" class=\"wp-image-71\"\/><\/figure>\n<\/div>\n\n\n\n<div class=\"wp-block-column is-layout-flow wp-block-column-is-layout-flow\" style=\"flex-basis:66.66%\">\n<figure class=\"wp-block-image size-large\"><img loading=\"lazy\" decoding=\"async\" width=\"1024\" height=\"797\" src=\"https:\/\/abriders.com\/rodadas\/wp-content\/uploads\/2021\/07\/Polish_20200928_145210105-1024x797.jpg\" alt=\"\" class=\"wp-image-319\" srcset=\"https:\/\/abriders.com\/rodadas\/wp-content\/uploads\/2021\/07\/Polish_20200928_145210105-1024x797.jpg 1024w, https:\/\/abriders.com\/rodadas\/wp-content\/uploads\/2021\/07\/Polish_20200928_145210105-300x234.jpg 300w, https:\/\/abriders.com\/rodadas\/wp-content\/uploads\/2021\/07\/Polish_20200928_145210105-768x598.jpg 768w, https:\/\/abriders.com\/rodadas\/wp-content\/uploads\/2021\/07\/Polish_20200928_145210105-1536x1196.jpg 1536w, https:\/\/abriders.com\/rodadas\/wp-content\/uploads\/2021\/07\/Polish_20200928_145210105-416x324.jpg 416w, https:\/\/abriders.com\/rodadas\/wp-content\/uploads\/2021\/07\/Polish_20200928_145210105.jpg 1600w\" sizes=\"auto, (max-width: 1024px) 100vw, 1024px\" \/><\/figure>\n\n\n\n<p>AB Riders es una empresa especializada en la organizaci\u00f3n de eventos moto-deportivos en circuito cerrado, con m\u00e1s de diez a\u00f1os de experiencia seguimos evolucionando cada d\u00eda para ofrecer un mejor servicio, nuestro compromiso con el cliente apuesta por la seguridad y por un trato personalizado, siempre intentando conseguir una impecable atenci\u00f3n al cliente en nuestros eventos.<\/p>\n<\/div>\n<\/div>\n","protected":false},"excerpt":{"rendered":"<p>AB Riders es una empresa especializada en la organizaci\u00f3n de eventos moto-deportivos en circuito cerrado, con m\u00e1s de diez a\u00f1os de experiencia seguimos evolucionando cada d\u00eda para ofrecer un mejor servicio, nuestro compromiso con el cliente apuesta por la seguridad y por un trato personalizado, siempre intentando conseguir una impecable atenci\u00f3n al cliente en nuestros [&hellip;]<\/p>\n","protected":false},"author":1,"featured_media":0,"parent":0,"menu_order":0,"comment_status":"closed","ping_status":"closed","template":"","meta":{"footnotes":""},"class_list":["post-31","page","type-page","status-publish","hentry"],"yoast_head":"<!-- This site is optimized with the Yoast SEO plugin v27.1.1 - https:\/\/yoast.com\/product\/yoast-seo-wordpress\/ -->\n<title>empresa - AB Riders<\/title>\n<meta name=\"robots\" content=\"index, follow, max-snippet:-1, max-image-preview:large, max-video-preview:-1\" \/>\n<link rel=\"canonical\" href=\"https:\/\/abriders.com\/rodadas\/empresa\/\" \/>\n<meta property=\"og:locale\" content=\"es_ES\" \/>\n<meta property=\"og:type\" content=\"article\" \/>\n<meta property=\"og:title\" content=\"empresa - AB Riders\" \/>\n<meta property=\"og:description\" content=\"AB Riders es una empresa especializada en la organizaci\u00f3n de eventos moto-deportivos en circuito cerrado, con m\u00e1s de diez a\u00f1os de experiencia seguimos evolucionando cada d\u00eda para ofrecer un mejor servicio, nuestro compromiso con el cliente apuesta por la seguridad y por un trato personalizado, siempre intentando conseguir una impecable atenci\u00f3n al cliente en nuestros [&hellip;]\" \/>\n<meta property=\"og:url\" content=\"https:\/\/abriders.com\/rodadas\/empresa\/\" \/>\n<meta property=\"og:site_name\" content=\"AB Riders\" \/>\n<meta property=\"article:modified_time\" content=\"2021-07-26T11:22:17+00:00\" \/>\n<meta property=\"og:image\" content=\"https:\/\/abriders.com\/rodadas\/wp-content\/uploads\/2021\/03\/lateral.jpg\" \/>\n<meta name=\"twitter:card\" content=\"summary_large_image\" \/>\n<meta name=\"twitter:label1\" content=\"Tiempo de lectura\" \/>\n\t<meta name=\"twitter:data1\" content=\"1 minuto\" \/>\n<script type=\"application\/ld+json\" class=\"yoast-schema-graph\">{\"@context\":\"https:\/\/schema.org\",\"@graph\":[{\"@type\":\"WebPage\",\"@id\":\"https:\/\/abriders.com\/rodadas\/empresa\/\",\"url\":\"https:\/\/abriders.com\/rodadas\/empresa\/\",\"name\":\"empresa - AB Riders\",\"isPartOf\":{\"@id\":\"https:\/\/abriders.com\/rodadas\/#website\"},\"primaryImageOfPage\":{\"@id\":\"https:\/\/abriders.com\/rodadas\/empresa\/#primaryimage\"},\"image\":{\"@id\":\"https:\/\/abriders.com\/rodadas\/empresa\/#primaryimage\"},\"thumbnailUrl\":\"https:\/\/abriders.com\/rodadas\/wp-content\/uploads\/2021\/03\/lateral.jpg\",\"datePublished\":\"2021-03-30T18:02:57+00:00\",\"dateModified\":\"2021-07-26T11:22:17+00:00\",\"breadcrumb\":{\"@id\":\"https:\/\/abriders.com\/rodadas\/empresa\/#breadcrumb\"},\"inLanguage\":\"es\",\"potentialAction\":[{\"@type\":\"ReadAction\",\"target\":[\"https:\/\/abriders.com\/rodadas\/empresa\/\"]}]},{\"@type\":\"ImageObject\",\"inLanguage\":\"es\",\"@id\":\"https:\/\/abriders.com\/rodadas\/empresa\/#primaryimage\",\"url\":\"https:\/\/abriders.com\/rodadas\/wp-content\/uploads\/2021\/03\/lateral.jpg\",\"contentUrl\":\"https:\/\/abriders.com\/rodadas\/wp-content\/uploads\/2021\/03\/lateral.jpg\",\"width\":155,\"height\":700},{\"@type\":\"BreadcrumbList\",\"@id\":\"https:\/\/abriders.com\/rodadas\/empresa\/#breadcrumb\",\"itemListElement\":[{\"@type\":\"ListItem\",\"position\":1,\"name\":\"Portada\",\"item\":\"https:\/\/abriders.com\/rodadas\/\"},{\"@type\":\"ListItem\",\"position\":2,\"name\":\"empresa\"}]},{\"@type\":\"WebSite\",\"@id\":\"https:\/\/abriders.com\/rodadas\/#website\",\"url\":\"https:\/\/abriders.com\/rodadas\/\",\"name\":\"AB Riders\",\"description\":\"Servicios Profesionales en Circuito\",\"publisher\":{\"@id\":\"https:\/\/abriders.com\/rodadas\/#organization\"},\"potentialAction\":[{\"@type\":\"SearchAction\",\"target\":{\"@type\":\"EntryPoint\",\"urlTemplate\":\"https:\/\/abriders.com\/rodadas\/?s={search_term_string}\"},\"query-input\":{\"@type\":\"PropertyValueSpecification\",\"valueRequired\":true,\"valueName\":\"search_term_string\"}}],\"inLanguage\":\"es\"},{\"@type\":\"Organization\",\"@id\":\"https:\/\/abriders.com\/rodadas\/#organization\",\"name\":\"AB Riders\",\"url\":\"https:\/\/abriders.com\/rodadas\/\",\"logo\":{\"@type\":\"ImageObject\",\"inLanguage\":\"es\",\"@id\":\"https:\/\/abriders.com\/rodadas\/#\/schema\/logo\/image\/\",\"url\":\"https:\/\/abriders.com\/rodadas\/wp-content\/uploads\/2021\/03\/cropped-logo-abriders.jpg\",\"contentUrl\":\"https:\/\/abriders.com\/rodadas\/wp-content\/uploads\/2021\/03\/cropped-logo-abriders.jpg\",\"width\":240,\"height\":76,\"caption\":\"AB Riders\"},\"image\":{\"@id\":\"https:\/\/abriders.com\/rodadas\/#\/schema\/logo\/image\/\"}}]}<\/script>\n<!-- \/ Yoast SEO plugin. -->","yoast_head_json":{"title":"empresa - AB Riders","robots":{"index":"index","follow":"follow","max-snippet":"max-snippet:-1","max-image-preview":"max-image-preview:large","max-video-preview":"max-video-preview:-1"},"canonical":"https:\/\/abriders.com\/rodadas\/empresa\/","og_locale":"es_ES","og_type":"article","og_title":"empresa - AB Riders","og_description":"AB Riders es una empresa especializada en la organizaci\u00f3n de eventos moto-deportivos en circuito cerrado, con m\u00e1s de diez a\u00f1os de experiencia seguimos evolucionando cada d\u00eda para ofrecer un mejor servicio, nuestro compromiso con el cliente apuesta por la seguridad y por un trato personalizado, siempre intentando conseguir una impecable atenci\u00f3n al cliente en nuestros [&hellip;]","og_url":"https:\/\/abriders.com\/rodadas\/empresa\/","og_site_name":"AB Riders","article_modified_time":"2021-07-26T11:22:17+00:00","og_image":[{"url":"https:\/\/abriders.com\/rodadas\/wp-content\/uploads\/2021\/03\/lateral.jpg","type":"","width":"","height":""}],"twitter_card":"summary_large_image","twitter_misc":{"Tiempo de lectura":"1 minuto"},"schema":{"@context":"https:\/\/schema.org","@graph":[{"@type":"WebPage","@id":"https:\/\/abriders.com\/rodadas\/empresa\/","url":"https:\/\/abriders.com\/rodadas\/empresa\/","name":"empresa - AB Riders","isPartOf":{"@id":"https:\/\/abriders.com\/rodadas\/#website"},"primaryImageOfPage":{"@id":"https:\/\/abriders.com\/rodadas\/empresa\/#primaryimage"},"image":{"@id":"https:\/\/abriders.com\/rodadas\/empresa\/#primaryimage"},"thumbnailUrl":"https:\/\/abriders.com\/rodadas\/wp-content\/uploads\/2021\/03\/lateral.jpg","datePublished":"2021-03-30T18:02:57+00:00","dateModified":"2021-07-26T11:22:17+00:00","breadcrumb":{"@id":"https:\/\/abriders.com\/rodadas\/empresa\/#breadcrumb"},"inLanguage":"es","potentialAction":[{"@type":"ReadAction","target":["https:\/\/abriders.com\/rodadas\/empresa\/"]}]},{"@type":"ImageObject","inLanguage":"es","@id":"https:\/\/abriders.com\/rodadas\/empresa\/#primaryimage","url":"https:\/\/abriders.com\/rodadas\/wp-content\/uploads\/2021\/03\/lateral.jpg","contentUrl":"https:\/\/abriders.com\/rodadas\/wp-content\/uploads\/2021\/03\/lateral.jpg","width":155,"height":700},{"@type":"BreadcrumbList","@id":"https:\/\/abriders.com\/rodadas\/empresa\/#breadcrumb","itemListElement":[{"@type":"ListItem","position":1,"name":"Portada","item":"https:\/\/abriders.com\/rodadas\/"},{"@type":"ListItem","position":2,"name":"empresa"}]},{"@type":"WebSite","@id":"https:\/\/abriders.com\/rodadas\/#website","url":"https:\/\/abriders.com\/rodadas\/","name":"AB Riders","description":"Servicios Profesionales en Circuito","publisher":{"@id":"https:\/\/abriders.com\/rodadas\/#organization"},"potentialAction":[{"@type":"SearchAction","target":{"@type":"EntryPoint","urlTemplate":"https:\/\/abriders.com\/rodadas\/?s={search_term_string}"},"query-input":{"@type":"PropertyValueSpecification","valueRequired":true,"valueName":"search_term_string"}}],"inLanguage":"es"},{"@type":"Organization","@id":"https:\/\/abriders.com\/rodadas\/#organization","name":"AB Riders","url":"https:\/\/abriders.com\/rodadas\/","logo":{"@type":"ImageObject","inLanguage":"es","@id":"https:\/\/abriders.com\/rodadas\/#\/schema\/logo\/image\/","url":"https:\/\/abriders.com\/rodadas\/wp-content\/uploads\/2021\/03\/cropped-logo-abriders.jpg","contentUrl":"https:\/\/abriders.com\/rodadas\/wp-content\/uploads\/2021\/03\/cropped-logo-abriders.jpg","width":240,"height":76,"caption":"AB Riders"},"image":{"@id":"https:\/\/abriders.com\/rodadas\/#\/schema\/logo\/image\/"}}]}},"_links":{"self":[{"href":"https:\/\/abriders.com\/rodadas\/wp-json\/wp\/v2\/pages\/31","targetHints":{"allow":["GET"]}}],"collection":[{"href":"https:\/\/abriders.com\/rodadas\/wp-json\/wp\/v2\/pages"}],"about":[{"href":"https:\/\/abriders.com\/rodadas\/wp-json\/wp\/v2\/types\/page"}],"author":[{"embeddable":true,"href":"https:\/\/abriders.com\/rodadas\/wp-json\/wp\/v2\/users\/1"}],"replies":[{"embeddable":true,"href":"https:\/\/abriders.com\/rodadas\/wp-json\/wp\/v2\/comments?post=31"}],"version-history":[{"count":4,"href":"https:\/\/abriders.com\/rodadas\/wp-json\/wp\/v2\/pages\/31\/revisions"}],"predecessor-version":[{"id":321,"href":"https:\/\/abriders.com\/rodadas\/wp-json\/wp\/v2\/pages\/31\/revisions\/321"}],"wp:attachment":[{"href":"https:\/\/abriders.com\/rodadas\/wp-json\/wp\/v2\/media?parent=31"}],"curies":[{"name":"wp","href":"https:\/\/api.w.org\/{rel}","templated":true}]}}