{"id":37,"date":"2021-03-30T18:03:58","date_gmt":"2021-03-30T18:03:58","guid":{"rendered":"https:\/\/abriders.com\/rodadas\/?page_id=37"},"modified":"2021-12-11T11:42:58","modified_gmt":"2021-12-11T10:42:58","slug":"normativa","status":"publish","type":"page","link":"https:\/\/abriders.com\/rodadas\/normativa\/","title":{"rendered":"normativa"},"content":{"rendered":"\n<div class=\"wp-block-columns is-layout-flex wp-container-core-columns-is-layout-28f84493 wp-block-columns-is-layout-flex\">\n<div class=\"wp-block-column is-layout-flow wp-block-column-is-layout-flow\" style=\"flex-basis:33.33%\">\n<figure class=\"wp-block-image size-large\"><img loading=\"lazy\" decoding=\"async\" width=\"155\" height=\"700\" src=\"https:\/\/abriders.com\/rodadas\/wp-content\/uploads\/2021\/03\/lateral.jpg\" alt=\"\" class=\"wp-image-71\"\/><\/figure>\n<\/div>\n\n\n\n<div class=\"wp-block-column is-layout-flow wp-block-column-is-layout-flow\" style=\"flex-basis:66.66%\">\n<figure class=\"wp-block-image size-large is-resized\"><img loading=\"lazy\" decoding=\"async\" src=\"https:\/\/abriders.com\/rodadas\/wp-content\/uploads\/2021\/03\/2018_norm.jpg\" alt=\"\" class=\"wp-image-76\" width=\"647\" height=\"262\" srcset=\"https:\/\/abriders.com\/rodadas\/wp-content\/uploads\/2021\/03\/2018_norm.jpg 850w, https:\/\/abriders.com\/rodadas\/wp-content\/uploads\/2021\/03\/2018_norm-416x169.jpg 416w, https:\/\/abriders.com\/rodadas\/wp-content\/uploads\/2021\/03\/2018_norm-300x122.jpg 300w, https:\/\/abriders.com\/rodadas\/wp-content\/uploads\/2021\/03\/2018_norm-768x312.jpg 768w\" sizes=\"auto, (max-width: 647px) 100vw, 647px\" \/><\/figure>\n\n\n\n<p class=\"has-text-align-left\"><strong>La participaci\u00f3n en cualquier evento, cursillo o rodada organizada por AB Riders, supone la aceptaci\u00f3n y conformidad expresa con la normativa general\u00a0 de la empresa organizadora.<\/strong><br><br>Las inscripciones son personales e intransferibles quedando expresamente prohibida\u00a0 la cesi\u00f3n\u00a0 de la misma. El titular de la inscripci\u00f3n deber\u00e1 acreditar su identidad en el circuito mediante el DNI o cualquier otro documento legalmente acreditativo.<\/p>\n\n\n\n<p>Todos los participantes tendr\u00e1n que estar en posesi\u00f3n de seguro medico de accidentes o licencia federativa y haber firmado la hoja de renuncia de responsabilidad para poder entrar a pista.<\/p>\n\n\n\n<p>Los participantes deber\u00e1n cumplir&nbsp; los horarios establecidos por la organizaci\u00f3n. Cualquier retraso del participante supone la p\u00e9rdida del tiempo de retraso, no pudi\u00e9ndose reclamar descuento alguno en el precio de la rodada o cursillo.<\/p>\n\n\n\n<p>En caso de incidencias climatol\u00f3gicas (lluvia, viento, nieve etc.) que dificulten la celebraci\u00f3n del evento o pongan en peligro la seguridad del mismo la empresa organizadora se reserva el derecho de decidir la suspensi\u00f3n o no del mismo atendiendo a las decisiones que al respecto tomen los responsables del circuito.<\/p>\n\n\n\n<p>EL participante ACATAR\u00c1 EN TODO MOMENTO LA DECISI\u00d3N DEL CIRCUITO Y\/O DEL ORGANIZADOR DE llevar a cabo LA ACTIVIDAD CON NORMALIDAD O ANULARLA SI AS\u00cd LO CONSIDERAN OPORTUNO, RENUNCIANDO POR ELLO A CUALQUIER TIPO DE RECLAMACI\u00d3N E INDEMNIZACI\u00d3N POR ESTE MOTIVO.<\/p>\n\n\n\n<p>Las motocicletas participantes han de estar en perfecto estado de mantenimiento, carrocer\u00eda, neum\u00e1ticos, frenos, sin p\u00e9rdidas de aceites, l\u00edquidos etc., se aconseja no rodar con espejos retrovisores ni placas de matr\u00edcula.<\/p>\n\n\n\n<p>Los pilotos deber\u00e1n ir correctamente equipados con casco reglamentario, guantes, botas, mono de cuero o de cordura mientras este unido pantalon y chaqueta por cremallera.<\/p>\n\n\n\n<p>En caso de que la organizaci\u00f3n considere que alg\u00fan piloto, participante o acompa\u00f1ante tenga un pilotaje o comportamiento que pone en peligro su seguridad&nbsp; o del&nbsp; resto de participantes, podr\u00e1 ser expulsado de forma inmediata de las instalaciones, sin derecho a compensaci\u00f3n econ\u00f3mica alguna.<\/p>\n\n\n\n<p>Todas las personas que se encuentren en las instalaciones el d\u00eda del evento deber\u00e1n de respetar obligatoriamente las normas de la organizaci\u00f3n y obedecer las indicaciones del personal del circuito y de la organizaci\u00f3n,&nbsp; en caso de no hacerlo, ser\u00e1n invitados a abandonarlas de forma inmediata.<\/p>\n\n\n\n<p>LA ORGANIZACI\u00d3N SE RESERVA EL DERECHO DE CAMBIAR DE NIVEL A CUALQUIER PARTICIPANTE&nbsp; por cuestiones de seguridad&nbsp; AUNQUE ESTE NO LO DESEE.<\/p>\n\n\n\n<p>&nbsp;EN algunos eventos ser\u00e1 OBLIGATORIA LA ASISTENCIA AL BRIEFING GENERAL PARA CONOCER LA NORMATIVA Y EL FUNCIONAMIENTO DE LA&nbsp; RODADA. LA NO ASISTENCIA NO EXIME AL PARTICIPANTE DEL CONOCIMIENTO DE LAS NORMAS Y AL CUMPLIMIENTO DE LAS MISMAS. LA ORGANIZACI\u00d3N SE RESERVA EL DERECHO DE DENEGAR A QUIENES NO ACUDAN AL MENCIONADO BREAFING EL ACCESO A PISTA SI AS\u00cd LO CONSIDERA OPORTUNO, AS\u00cd COMO DE ESTABLECER LOS MECANISMOS DE CONTROL NECESARIOS PARA COMPROBAR DICHA ASISTENCIA.<\/p>\n\n\n\n<p>El precio y las condiciones particulares de cada rodada aparecer\u00e1n previamente en el apartado informativo de cada una de ellas.<\/p>\n\n\n\n<p>Las plazas se adjudicaran por orden de inscripci\u00f3n, form\u00e1ndose una lista de espera para cubrir las posibles bajas.<\/p>\n\n\n\n<p>Para dar por confirmada una inscripci\u00f3n, habr\u00e1 que hacer un ingreso o transferencia bancaria a la cuenta de motorbikes events s.l. por el importe que aparezca en las condiciones particulares de cada evento o realizar el pago con tarjeta de cr\u00e9dito. No se realizaran reservas sin justificante de pago. <\/p>\n\n\n\n<p>SE ACEPTAR\u00c1N ANULACIONES DE PLAZAS CONFIRMADAS HASTA UN PLAZO M\u00c1XIMO DE 10 D\u00cdAS ANTES DEL EVENTO. PASADO DICHO PLAZO NO SE ACEPTARAN CANCELACIONES POR NINGUN MOTIVO NI CAMBIOS DE FECHA.<br>La empresa organizadora se reserva el derecho de suspender o cancelar la actividad, por falta de inscripciones suficientes para poderla llevar a cabo, procediendo a la devoluci\u00f3n de la reserva abonada, renunciando por ello los inscritos a cualquier tipo de reclamaci\u00f3n por este motivo.<\/p>\n<\/div>\n<\/div>\n","protected":false},"excerpt":{"rendered":"<p>La participaci\u00f3n en cualquier evento, cursillo o rodada organizada por AB Riders, supone la aceptaci\u00f3n y conformidad expresa con la normativa general\u00a0 de la empresa organizadora. Las inscripciones son personales e intransferibles quedando expresamente prohibida\u00a0 la cesi\u00f3n\u00a0 de la misma. El titular de la inscripci\u00f3n deber\u00e1 acreditar su identidad en el circuito mediante el DNI [&hellip;]<\/p>\n","protected":false},"author":1,"featured_media":0,"parent":0,"menu_order":0,"comment_status":"closed","ping_status":"closed","template":"","meta":{"footnotes":""},"class_list":["post-37","page","type-page","status-publish","hentry"],"yoast_head":"<!-- This site is optimized with the Yoast SEO plugin v27.1.1 - https:\/\/yoast.com\/product\/yoast-seo-wordpress\/ -->\n<title>normativa - AB Riders<\/title>\n<meta name=\"robots\" content=\"index, follow, max-snippet:-1, max-image-preview:large, max-video-preview:-1\" \/>\n<link rel=\"canonical\" href=\"https:\/\/abriders.com\/rodadas\/normativa\/\" \/>\n<meta property=\"og:locale\" content=\"es_ES\" \/>\n<meta property=\"og:type\" content=\"article\" \/>\n<meta property=\"og:title\" content=\"normativa - AB Riders\" \/>\n<meta property=\"og:description\" content=\"La participaci\u00f3n en cualquier evento, cursillo o rodada organizada por AB Riders, supone la aceptaci\u00f3n y conformidad expresa con la normativa general\u00a0 de la empresa organizadora. Las inscripciones son personales e intransferibles quedando expresamente prohibida\u00a0 la cesi\u00f3n\u00a0 de la misma. El titular de la inscripci\u00f3n deber\u00e1 acreditar su identidad en el circuito mediante el DNI [&hellip;]\" \/>\n<meta property=\"og:url\" content=\"https:\/\/abriders.com\/rodadas\/normativa\/\" \/>\n<meta property=\"og:site_name\" content=\"AB Riders\" \/>\n<meta property=\"article:modified_time\" content=\"2021-12-11T10:42:58+00:00\" \/>\n<meta property=\"og:image\" content=\"https:\/\/abriders.com\/rodadas\/wp-content\/uploads\/2021\/03\/lateral.jpg\" \/>\n<meta name=\"twitter:card\" content=\"summary_large_image\" \/>\n<meta name=\"twitter:label1\" content=\"Tiempo de lectura\" \/>\n\t<meta name=\"twitter:data1\" content=\"4 minutos\" \/>\n<script type=\"application\/ld+json\" class=\"yoast-schema-graph\">{\"@context\":\"https:\/\/schema.org\",\"@graph\":[{\"@type\":\"WebPage\",\"@id\":\"https:\/\/abriders.com\/rodadas\/normativa\/\",\"url\":\"https:\/\/abriders.com\/rodadas\/normativa\/\",\"name\":\"normativa - AB Riders\",\"isPartOf\":{\"@id\":\"https:\/\/abriders.com\/rodadas\/#website\"},\"primaryImageOfPage\":{\"@id\":\"https:\/\/abriders.com\/rodadas\/normativa\/#primaryimage\"},\"image\":{\"@id\":\"https:\/\/abriders.com\/rodadas\/normativa\/#primaryimage\"},\"thumbnailUrl\":\"https:\/\/abriders.com\/rodadas\/wp-content\/uploads\/2021\/03\/lateral.jpg\",\"datePublished\":\"2021-03-30T18:03:58+00:00\",\"dateModified\":\"2021-12-11T10:42:58+00:00\",\"breadcrumb\":{\"@id\":\"https:\/\/abriders.com\/rodadas\/normativa\/#breadcrumb\"},\"inLanguage\":\"es\",\"potentialAction\":[{\"@type\":\"ReadAction\",\"target\":[\"https:\/\/abriders.com\/rodadas\/normativa\/\"]}]},{\"@type\":\"ImageObject\",\"inLanguage\":\"es\",\"@id\":\"https:\/\/abriders.com\/rodadas\/normativa\/#primaryimage\",\"url\":\"https:\/\/abriders.com\/rodadas\/wp-content\/uploads\/2021\/03\/lateral.jpg\",\"contentUrl\":\"https:\/\/abriders.com\/rodadas\/wp-content\/uploads\/2021\/03\/lateral.jpg\",\"width\":155,\"height\":700},{\"@type\":\"BreadcrumbList\",\"@id\":\"https:\/\/abriders.com\/rodadas\/normativa\/#breadcrumb\",\"itemListElement\":[{\"@type\":\"ListItem\",\"position\":1,\"name\":\"Portada\",\"item\":\"https:\/\/abriders.com\/rodadas\/\"},{\"@type\":\"ListItem\",\"position\":2,\"name\":\"normativa\"}]},{\"@type\":\"WebSite\",\"@id\":\"https:\/\/abriders.com\/rodadas\/#website\",\"url\":\"https:\/\/abriders.com\/rodadas\/\",\"name\":\"AB Riders\",\"description\":\"Servicios Profesionales en Circuito\",\"publisher\":{\"@id\":\"https:\/\/abriders.com\/rodadas\/#organization\"},\"potentialAction\":[{\"@type\":\"SearchAction\",\"target\":{\"@type\":\"EntryPoint\",\"urlTemplate\":\"https:\/\/abriders.com\/rodadas\/?s={search_term_string}\"},\"query-input\":{\"@type\":\"PropertyValueSpecification\",\"valueRequired\":true,\"valueName\":\"search_term_string\"}}],\"inLanguage\":\"es\"},{\"@type\":\"Organization\",\"@id\":\"https:\/\/abriders.com\/rodadas\/#organization\",\"name\":\"AB Riders\",\"url\":\"https:\/\/abriders.com\/rodadas\/\",\"logo\":{\"@type\":\"ImageObject\",\"inLanguage\":\"es\",\"@id\":\"https:\/\/abriders.com\/rodadas\/#\/schema\/logo\/image\/\",\"url\":\"https:\/\/abriders.com\/rodadas\/wp-content\/uploads\/2021\/03\/cropped-logo-abriders.jpg\",\"contentUrl\":\"https:\/\/abriders.com\/rodadas\/wp-content\/uploads\/2021\/03\/cropped-logo-abriders.jpg\",\"width\":240,\"height\":76,\"caption\":\"AB Riders\"},\"image\":{\"@id\":\"https:\/\/abriders.com\/rodadas\/#\/schema\/logo\/image\/\"}}]}<\/script>\n<!-- \/ Yoast SEO plugin. -->","yoast_head_json":{"title":"normativa - AB Riders","robots":{"index":"index","follow":"follow","max-snippet":"max-snippet:-1","max-image-preview":"max-image-preview:large","max-video-preview":"max-video-preview:-1"},"canonical":"https:\/\/abriders.com\/rodadas\/normativa\/","og_locale":"es_ES","og_type":"article","og_title":"normativa - AB Riders","og_description":"La participaci\u00f3n en cualquier evento, cursillo o rodada organizada por AB Riders, supone la aceptaci\u00f3n y conformidad expresa con la normativa general\u00a0 de la empresa organizadora. Las inscripciones son personales e intransferibles quedando expresamente prohibida\u00a0 la cesi\u00f3n\u00a0 de la misma. El titular de la inscripci\u00f3n deber\u00e1 acreditar su identidad en el circuito mediante el DNI [&hellip;]","og_url":"https:\/\/abriders.com\/rodadas\/normativa\/","og_site_name":"AB Riders","article_modified_time":"2021-12-11T10:42:58+00:00","og_image":[{"url":"https:\/\/abriders.com\/rodadas\/wp-content\/uploads\/2021\/03\/lateral.jpg","type":"","width":"","height":""}],"twitter_card":"summary_large_image","twitter_misc":{"Tiempo de lectura":"4 minutos"},"schema":{"@context":"https:\/\/schema.org","@graph":[{"@type":"WebPage","@id":"https:\/\/abriders.com\/rodadas\/normativa\/","url":"https:\/\/abriders.com\/rodadas\/normativa\/","name":"normativa - AB Riders","isPartOf":{"@id":"https:\/\/abriders.com\/rodadas\/#website"},"primaryImageOfPage":{"@id":"https:\/\/abriders.com\/rodadas\/normativa\/#primaryimage"},"image":{"@id":"https:\/\/abriders.com\/rodadas\/normativa\/#primaryimage"},"thumbnailUrl":"https:\/\/abriders.com\/rodadas\/wp-content\/uploads\/2021\/03\/lateral.jpg","datePublished":"2021-03-30T18:03:58+00:00","dateModified":"2021-12-11T10:42:58+00:00","breadcrumb":{"@id":"https:\/\/abriders.com\/rodadas\/normativa\/#breadcrumb"},"inLanguage":"es","potentialAction":[{"@type":"ReadAction","target":["https:\/\/abriders.com\/rodadas\/normativa\/"]}]},{"@type":"ImageObject","inLanguage":"es","@id":"https:\/\/abriders.com\/rodadas\/normativa\/#primaryimage","url":"https:\/\/abriders.com\/rodadas\/wp-content\/uploads\/2021\/03\/lateral.jpg","contentUrl":"https:\/\/abriders.com\/rodadas\/wp-content\/uploads\/2021\/03\/lateral.jpg","width":155,"height":700},{"@type":"BreadcrumbList","@id":"https:\/\/abriders.com\/rodadas\/normativa\/#breadcrumb","itemListElement":[{"@type":"ListItem","position":1,"name":"Portada","item":"https:\/\/abriders.com\/rodadas\/"},{"@type":"ListItem","position":2,"name":"normativa"}]},{"@type":"WebSite","@id":"https:\/\/abriders.com\/rodadas\/#website","url":"https:\/\/abriders.com\/rodadas\/","name":"AB Riders","description":"Servicios Profesionales en Circuito","publisher":{"@id":"https:\/\/abriders.com\/rodadas\/#organization"},"potentialAction":[{"@type":"SearchAction","target":{"@type":"EntryPoint","urlTemplate":"https:\/\/abriders.com\/rodadas\/?s={search_term_string}"},"query-input":{"@type":"PropertyValueSpecification","valueRequired":true,"valueName":"search_term_string"}}],"inLanguage":"es"},{"@type":"Organization","@id":"https:\/\/abriders.com\/rodadas\/#organization","name":"AB Riders","url":"https:\/\/abriders.com\/rodadas\/","logo":{"@type":"ImageObject","inLanguage":"es","@id":"https:\/\/abriders.com\/rodadas\/#\/schema\/logo\/image\/","url":"https:\/\/abriders.com\/rodadas\/wp-content\/uploads\/2021\/03\/cropped-logo-abriders.jpg","contentUrl":"https:\/\/abriders.com\/rodadas\/wp-content\/uploads\/2021\/03\/cropped-logo-abriders.jpg","width":240,"height":76,"caption":"AB Riders"},"image":{"@id":"https:\/\/abriders.com\/rodadas\/#\/schema\/logo\/image\/"}}]}},"_links":{"self":[{"href":"https:\/\/abriders.com\/rodadas\/wp-json\/wp\/v2\/pages\/37","targetHints":{"allow":["GET"]}}],"collection":[{"href":"https:\/\/abriders.com\/rodadas\/wp-json\/wp\/v2\/pages"}],"about":[{"href":"https:\/\/abriders.com\/rodadas\/wp-json\/wp\/v2\/types\/page"}],"author":[{"embeddable":true,"href":"https:\/\/abriders.com\/rodadas\/wp-json\/wp\/v2\/users\/1"}],"replies":[{"embeddable":true,"href":"https:\/\/abriders.com\/rodadas\/wp-json\/wp\/v2\/comments?post=37"}],"version-history":[{"count":5,"href":"https:\/\/abriders.com\/rodadas\/wp-json\/wp\/v2\/pages\/37\/revisions"}],"predecessor-version":[{"id":401,"href":"https:\/\/abriders.com\/rodadas\/wp-json\/wp\/v2\/pages\/37\/revisions\/401"}],"wp:attachment":[{"href":"https:\/\/abriders.com\/rodadas\/wp-json\/wp\/v2\/media?parent=37"}],"curies":[{"name":"wp","href":"https:\/\/api.w.org\/{rel}","templated":true}]}}