{"id":467,"date":"2021-12-29T13:12:32","date_gmt":"2021-12-29T12:12:32","guid":{"rendered":"https:\/\/abriders.com\/rodadas\/?page_id=467"},"modified":"2022-01-07T18:19:52","modified_gmt":"2022-01-07T17:19:52","slug":"fastridertrophy","status":"publish","type":"page","link":"https:\/\/abriders.com\/rodadas\/fastridertrophy\/","title":{"rendered":"FastRiderTrophy"},"content":{"rendered":"\n<div class=\"wp-block-columns is-layout-flex wp-container-core-columns-is-layout-28f84493 wp-block-columns-is-layout-flex\">\n<div class=\"wp-block-column is-layout-flow wp-block-column-is-layout-flow\" style=\"flex-basis:33.33%\">\n<figure class=\"wp-block-image size-large is-resized\"><img loading=\"lazy\" decoding=\"async\" src=\"https:\/\/abriders.com\/rodadas\/wp-content\/uploads\/2021\/12\/1640278324136-1022x1024.jpg\" alt=\"\" class=\"wp-image-460\" width=\"271\" height=\"271\"\/><\/figure>\n\n\n\n<figure class=\"wp-block-image size-full is-resized\"><img loading=\"lazy\" decoding=\"async\" src=\"https:\/\/abriders.com\/rodadas\/wp-content\/uploads\/2022\/01\/1641575151759.jpg\" alt=\"\" class=\"wp-image-498\" width=\"275\" height=\"438\" srcset=\"https:\/\/abriders.com\/rodadas\/wp-content\/uploads\/2022\/01\/1641575151759.jpg 642w, https:\/\/abriders.com\/rodadas\/wp-content\/uploads\/2022\/01\/1641575151759-188x300.jpg 188w, https:\/\/abriders.com\/rodadas\/wp-content\/uploads\/2022\/01\/1641575151759-416x664.jpg 416w\" sizes=\"auto, (max-width: 275px) 100vw, 275px\" \/><\/figure>\n\n\n\n<figure class=\"wp-block-image size-full is-resized\"><img loading=\"lazy\" decoding=\"async\" src=\"https:\/\/abriders.com\/rodadas\/wp-content\/uploads\/2022\/01\/1641575151731.jpg\" alt=\"\" class=\"wp-image-499\" width=\"272\" height=\"435\"\/><\/figure>\n\n\n\n<figure class=\"wp-block-image size-large is-resized\"><img loading=\"lazy\" decoding=\"async\" src=\"https:\/\/abriders.com\/rodadas\/wp-content\/uploads\/2022\/01\/1641571365462-640x1024.jpg\" alt=\"\" class=\"wp-image-496\" width=\"273\" height=\"436\" srcset=\"https:\/\/abriders.com\/rodadas\/wp-content\/uploads\/2022\/01\/1641571365462-640x1024.jpg 640w, https:\/\/abriders.com\/rodadas\/wp-content\/uploads\/2022\/01\/1641571365462-188x300.jpg 188w, https:\/\/abriders.com\/rodadas\/wp-content\/uploads\/2022\/01\/1641571365462-768x1228.jpg 768w, https:\/\/abriders.com\/rodadas\/wp-content\/uploads\/2022\/01\/1641571365462-416x665.jpg 416w, https:\/\/abriders.com\/rodadas\/wp-content\/uploads\/2022\/01\/1641571365462.jpg 811w\" sizes=\"auto, (max-width: 273px) 100vw, 273px\" \/><\/figure>\n<\/div>\n\n\n\n<div class=\"wp-block-column is-layout-flow wp-block-column-is-layout-flow\" style=\"flex-basis:66.66%\">\n<h2 class=\"alignwide has-text-align-center wp-block-heading\"><strong>Premio a la rapidez&#8230;<\/strong><\/h2>\n\n\n\n<p>Bases \u201cFAST RIDER TROPHY\u201d<\/p>\n\n\n\n<p>\u00bfQue es el \u201cFAST RIDER TROPHY\u201d?:<\/p>\n\n\n\n<p>Es una clasificaci\u00f3n interna de los participantes en las rodadas organizadas por AB RIDERS teniendo en cuenta los mejores tiempos obtenidos por los pilotos en cada evento.<\/p>\n\n\n\n<p>\u00bfCual es el objetivo del \u201cFAST RIDER TROPHY\u201d?:<\/p>\n\n\n\n<p>Ofrecer un aliciente mas en nuestras rodadas para motivar a los participantes a mejorar sus tiempos y contrastar sus progresos con los de los dem\u00e1s pilotos de una manera segura.<\/p>\n\n\n\n<p>\u00bfQuien puede participar?:<\/p>\n\n\n\n<p>Todos los inscritos en nuestros eventos, sea cual sea el nivel.<\/p>\n\n\n\n<p>\u00bfQue hay que hacer para inscribirse?:<\/p>\n\n\n\n<p>Nada, solo con apuntarte en alguna de nuestras rodadas participaras en el Ranking, salvo que expresamente nos comuniques que no quieres participar.<\/p>\n\n\n\n<p>Normativa<\/p>\n\n\n\n<p>Esta actividad es una clasificaci\u00f3n no una competici\u00f3n.<\/p>\n\n\n\n<p>La clasificaci\u00f3n se divide en 3 categor\u00edas: EXPERTOS &#8211; AVANZADOS &#8211; ROOKIE.<\/p>\n\n\n\n<p>Cada participante iniciara la clasificaci\u00f3n en la categor\u00eda correspondiente al nivel en el que se haya inscrito en la rodada : ROOKIE(INICIACION) \/ AVANZADOS(MEDIO) \/ EXPERTOS(RAPIDO).<\/p>\n\n\n\n<p>Dependiendo de los tiempos obtenidos en las tandas los participantes podr\u00e1n cambiar de nivel y categor\u00eda.<\/p>\n\n\n\n<p>La clasificaci\u00f3n final y definitiva se obtendr\u00e1 con la suma de resultados obtenidos en las rodadas realizadas durante la temporada.<\/p>\n\n\n\n<p>En cada una de las rodadas del calendario se har\u00e1 ceremonia de entrega de medallas y camisetas a los 3 mejores clasificados de cada categor\u00eda.<\/p>\n\n\n\n<p>FUNCIONAMIENTO DE LA ACTIVIDAD<\/p>\n\n\n\n<p>Los tiempos ser\u00e1n tomados con nuestro sistema de cronometraje incluido en nuestras rodadas.<\/p>\n\n\n\n<p>Todas las motos deberan llevar colocada la pegatina de toma de tiempos seg\u00fan explicamos en el breafing.<\/p>\n\n\n\n<p>En la pagina web ontime.bike tienes que entrar para registrarte y ver tus tiempos.<\/p>\n\n\n\n<p>El tiempo que contara para la clasificaci\u00f3n sera el mejor conseguido en las 4 primeras tandas de la rodada.<\/p>\n\n\n\n<p>En las 3 primeras tandas cada participante rodara en el nivel en el que este inscrito en la rodada.<\/p>\n\n\n\n<p>En la 4 tanda se re-ubicara a los participantes y saldr\u00e1n en esta tanda y las siguientes, en el nivel que les corresponda seg\u00fan el mejor tiempo obtenido en las 3 anteriores, entrando en la clasificaci\u00f3n de la categor\u00eda correspondiente al nivel donde ruede en la 4 tanda.<\/p>\n\n\n\n<p><\/p>\n<\/div>\n<\/div>\n","protected":false},"excerpt":{"rendered":"<p>Premio a la rapidez&#8230; Bases \u201cFAST RIDER TROPHY\u201d \u00bfQue es el \u201cFAST RIDER TROPHY\u201d?: Es una clasificaci\u00f3n interna de los participantes en las rodadas organizadas por AB RIDERS teniendo en cuenta los mejores tiempos obtenidos por los pilotos en cada evento. \u00bfCual es el objetivo del \u201cFAST RIDER TROPHY\u201d?: Ofrecer un aliciente mas en nuestras [&hellip;]<\/p>\n","protected":false},"author":3,"featured_media":0,"parent":0,"menu_order":0,"comment_status":"closed","ping_status":"closed","template":"","meta":{"footnotes":""},"class_list":["post-467","page","type-page","status-publish","hentry"],"yoast_head":"<!-- This site is optimized with the Yoast SEO plugin v27.1.1 - https:\/\/yoast.com\/product\/yoast-seo-wordpress\/ -->\n<title>FastRiderTrophy - AB Riders<\/title>\n<meta name=\"robots\" content=\"index, follow, max-snippet:-1, max-image-preview:large, max-video-preview:-1\" \/>\n<link rel=\"canonical\" href=\"https:\/\/abriders.com\/rodadas\/fastridertrophy\/\" \/>\n<meta property=\"og:locale\" content=\"es_ES\" \/>\n<meta property=\"og:type\" content=\"article\" \/>\n<meta property=\"og:title\" content=\"FastRiderTrophy - AB Riders\" \/>\n<meta property=\"og:description\" content=\"Premio a la rapidez&#8230; Bases \u201cFAST RIDER TROPHY\u201d \u00bfQue es el \u201cFAST RIDER TROPHY\u201d?: Es una clasificaci\u00f3n interna de los participantes en las rodadas organizadas por AB RIDERS teniendo en cuenta los mejores tiempos obtenidos por los pilotos en cada evento. \u00bfCual es el objetivo del \u201cFAST RIDER TROPHY\u201d?: Ofrecer un aliciente mas en nuestras [&hellip;]\" \/>\n<meta property=\"og:url\" content=\"https:\/\/abriders.com\/rodadas\/fastridertrophy\/\" \/>\n<meta property=\"og:site_name\" content=\"AB Riders\" \/>\n<meta property=\"article:modified_time\" content=\"2022-01-07T17:19:52+00:00\" \/>\n<meta property=\"og:image\" content=\"https:\/\/abriders.com\/rodadas\/wp-content\/uploads\/2021\/12\/1640278324136-1022x1024.jpg\" \/>\n<meta name=\"twitter:card\" content=\"summary_large_image\" \/>\n<meta name=\"twitter:label1\" content=\"Tiempo de lectura\" \/>\n\t<meta name=\"twitter:data1\" content=\"3 minutos\" \/>\n<script type=\"application\/ld+json\" class=\"yoast-schema-graph\">{\"@context\":\"https:\/\/schema.org\",\"@graph\":[{\"@type\":\"WebPage\",\"@id\":\"https:\/\/abriders.com\/rodadas\/fastridertrophy\/\",\"url\":\"https:\/\/abriders.com\/rodadas\/fastridertrophy\/\",\"name\":\"FastRiderTrophy - AB Riders\",\"isPartOf\":{\"@id\":\"https:\/\/abriders.com\/rodadas\/#website\"},\"primaryImageOfPage\":{\"@id\":\"https:\/\/abriders.com\/rodadas\/fastridertrophy\/#primaryimage\"},\"image\":{\"@id\":\"https:\/\/abriders.com\/rodadas\/fastridertrophy\/#primaryimage\"},\"thumbnailUrl\":\"https:\/\/abriders.com\/rodadas\/wp-content\/uploads\/2021\/12\/1640278324136-1022x1024.jpg\",\"datePublished\":\"2021-12-29T12:12:32+00:00\",\"dateModified\":\"2022-01-07T17:19:52+00:00\",\"breadcrumb\":{\"@id\":\"https:\/\/abriders.com\/rodadas\/fastridertrophy\/#breadcrumb\"},\"inLanguage\":\"es\",\"potentialAction\":[{\"@type\":\"ReadAction\",\"target\":[\"https:\/\/abriders.com\/rodadas\/fastridertrophy\/\"]}]},{\"@type\":\"ImageObject\",\"inLanguage\":\"es\",\"@id\":\"https:\/\/abriders.com\/rodadas\/fastridertrophy\/#primaryimage\",\"url\":\"https:\/\/abriders.com\/rodadas\/wp-content\/uploads\/2021\/12\/1640278324136-e1640780053356.jpg\",\"contentUrl\":\"https:\/\/abriders.com\/rodadas\/wp-content\/uploads\/2021\/12\/1640278324136-e1640780053356.jpg\",\"width\":400,\"height\":401},{\"@type\":\"BreadcrumbList\",\"@id\":\"https:\/\/abriders.com\/rodadas\/fastridertrophy\/#breadcrumb\",\"itemListElement\":[{\"@type\":\"ListItem\",\"position\":1,\"name\":\"Portada\",\"item\":\"https:\/\/abriders.com\/rodadas\/\"},{\"@type\":\"ListItem\",\"position\":2,\"name\":\"FastRiderTrophy\"}]},{\"@type\":\"WebSite\",\"@id\":\"https:\/\/abriders.com\/rodadas\/#website\",\"url\":\"https:\/\/abriders.com\/rodadas\/\",\"name\":\"AB Riders\",\"description\":\"Servicios Profesionales en Circuito\",\"publisher\":{\"@id\":\"https:\/\/abriders.com\/rodadas\/#organization\"},\"potentialAction\":[{\"@type\":\"SearchAction\",\"target\":{\"@type\":\"EntryPoint\",\"urlTemplate\":\"https:\/\/abriders.com\/rodadas\/?s={search_term_string}\"},\"query-input\":{\"@type\":\"PropertyValueSpecification\",\"valueRequired\":true,\"valueName\":\"search_term_string\"}}],\"inLanguage\":\"es\"},{\"@type\":\"Organization\",\"@id\":\"https:\/\/abriders.com\/rodadas\/#organization\",\"name\":\"AB Riders\",\"url\":\"https:\/\/abriders.com\/rodadas\/\",\"logo\":{\"@type\":\"ImageObject\",\"inLanguage\":\"es\",\"@id\":\"https:\/\/abriders.com\/rodadas\/#\/schema\/logo\/image\/\",\"url\":\"https:\/\/abriders.com\/rodadas\/wp-content\/uploads\/2021\/03\/cropped-logo-abriders.jpg\",\"contentUrl\":\"https:\/\/abriders.com\/rodadas\/wp-content\/uploads\/2021\/03\/cropped-logo-abriders.jpg\",\"width\":240,\"height\":76,\"caption\":\"AB Riders\"},\"image\":{\"@id\":\"https:\/\/abriders.com\/rodadas\/#\/schema\/logo\/image\/\"}}]}<\/script>\n<!-- \/ Yoast SEO plugin. -->","yoast_head_json":{"title":"FastRiderTrophy - AB Riders","robots":{"index":"index","follow":"follow","max-snippet":"max-snippet:-1","max-image-preview":"max-image-preview:large","max-video-preview":"max-video-preview:-1"},"canonical":"https:\/\/abriders.com\/rodadas\/fastridertrophy\/","og_locale":"es_ES","og_type":"article","og_title":"FastRiderTrophy - AB Riders","og_description":"Premio a la rapidez&#8230; Bases \u201cFAST RIDER TROPHY\u201d \u00bfQue es el \u201cFAST RIDER TROPHY\u201d?: Es una clasificaci\u00f3n interna de los participantes en las rodadas organizadas por AB RIDERS teniendo en cuenta los mejores tiempos obtenidos por los pilotos en cada evento. \u00bfCual es el objetivo del \u201cFAST RIDER TROPHY\u201d?: Ofrecer un aliciente mas en nuestras [&hellip;]","og_url":"https:\/\/abriders.com\/rodadas\/fastridertrophy\/","og_site_name":"AB Riders","article_modified_time":"2022-01-07T17:19:52+00:00","og_image":[{"url":"https:\/\/abriders.com\/rodadas\/wp-content\/uploads\/2021\/12\/1640278324136-1022x1024.jpg","type":"","width":"","height":""}],"twitter_card":"summary_large_image","twitter_misc":{"Tiempo de lectura":"3 minutos"},"schema":{"@context":"https:\/\/schema.org","@graph":[{"@type":"WebPage","@id":"https:\/\/abriders.com\/rodadas\/fastridertrophy\/","url":"https:\/\/abriders.com\/rodadas\/fastridertrophy\/","name":"FastRiderTrophy - AB Riders","isPartOf":{"@id":"https:\/\/abriders.com\/rodadas\/#website"},"primaryImageOfPage":{"@id":"https:\/\/abriders.com\/rodadas\/fastridertrophy\/#primaryimage"},"image":{"@id":"https:\/\/abriders.com\/rodadas\/fastridertrophy\/#primaryimage"},"thumbnailUrl":"https:\/\/abriders.com\/rodadas\/wp-content\/uploads\/2021\/12\/1640278324136-1022x1024.jpg","datePublished":"2021-12-29T12:12:32+00:00","dateModified":"2022-01-07T17:19:52+00:00","breadcrumb":{"@id":"https:\/\/abriders.com\/rodadas\/fastridertrophy\/#breadcrumb"},"inLanguage":"es","potentialAction":[{"@type":"ReadAction","target":["https:\/\/abriders.com\/rodadas\/fastridertrophy\/"]}]},{"@type":"ImageObject","inLanguage":"es","@id":"https:\/\/abriders.com\/rodadas\/fastridertrophy\/#primaryimage","url":"https:\/\/abriders.com\/rodadas\/wp-content\/uploads\/2021\/12\/1640278324136-e1640780053356.jpg","contentUrl":"https:\/\/abriders.com\/rodadas\/wp-content\/uploads\/2021\/12\/1640278324136-e1640780053356.jpg","width":400,"height":401},{"@type":"BreadcrumbList","@id":"https:\/\/abriders.com\/rodadas\/fastridertrophy\/#breadcrumb","itemListElement":[{"@type":"ListItem","position":1,"name":"Portada","item":"https:\/\/abriders.com\/rodadas\/"},{"@type":"ListItem","position":2,"name":"FastRiderTrophy"}]},{"@type":"WebSite","@id":"https:\/\/abriders.com\/rodadas\/#website","url":"https:\/\/abriders.com\/rodadas\/","name":"AB Riders","description":"Servicios Profesionales en Circuito","publisher":{"@id":"https:\/\/abriders.com\/rodadas\/#organization"},"potentialAction":[{"@type":"SearchAction","target":{"@type":"EntryPoint","urlTemplate":"https:\/\/abriders.com\/rodadas\/?s={search_term_string}"},"query-input":{"@type":"PropertyValueSpecification","valueRequired":true,"valueName":"search_term_string"}}],"inLanguage":"es"},{"@type":"Organization","@id":"https:\/\/abriders.com\/rodadas\/#organization","name":"AB Riders","url":"https:\/\/abriders.com\/rodadas\/","logo":{"@type":"ImageObject","inLanguage":"es","@id":"https:\/\/abriders.com\/rodadas\/#\/schema\/logo\/image\/","url":"https:\/\/abriders.com\/rodadas\/wp-content\/uploads\/2021\/03\/cropped-logo-abriders.jpg","contentUrl":"https:\/\/abriders.com\/rodadas\/wp-content\/uploads\/2021\/03\/cropped-logo-abriders.jpg","width":240,"height":76,"caption":"AB Riders"},"image":{"@id":"https:\/\/abriders.com\/rodadas\/#\/schema\/logo\/image\/"}}]}},"_links":{"self":[{"href":"https:\/\/abriders.com\/rodadas\/wp-json\/wp\/v2\/pages\/467","targetHints":{"allow":["GET"]}}],"collection":[{"href":"https:\/\/abriders.com\/rodadas\/wp-json\/wp\/v2\/pages"}],"about":[{"href":"https:\/\/abriders.com\/rodadas\/wp-json\/wp\/v2\/types\/page"}],"author":[{"embeddable":true,"href":"https:\/\/abriders.com\/rodadas\/wp-json\/wp\/v2\/users\/3"}],"replies":[{"embeddable":true,"href":"https:\/\/abriders.com\/rodadas\/wp-json\/wp\/v2\/comments?post=467"}],"version-history":[{"count":5,"href":"https:\/\/abriders.com\/rodadas\/wp-json\/wp\/v2\/pages\/467\/revisions"}],"predecessor-version":[{"id":501,"href":"https:\/\/abriders.com\/rodadas\/wp-json\/wp\/v2\/pages\/467\/revisions\/501"}],"wp:attachment":[{"href":"https:\/\/abriders.com\/rodadas\/wp-json\/wp\/v2\/media?parent=467"}],"curies":[{"name":"wp","href":"https:\/\/api.w.org\/{rel}","templated":true}]}}