{"id":829,"date":"2025-11-20T09:58:46","date_gmt":"2025-11-20T08:58:46","guid":{"rendered":"https:\/\/abriders.com\/rodadas\/?post_type=product&#038;p=829"},"modified":"2026-04-22T15:39:19","modified_gmt":"2026-04-22T14:39:19","slug":"albacete-abril","status":"publish","type":"product","link":"https:\/\/abriders.com\/rodadas\/producto\/albacete-abril\/","title":{"rendered":"Albacete 20 DE SEPTIEMBRE"},"content":{"rendered":"<p>Tandas libres y Curso<\/p>\n<p>TANDAS LIBRES 3 GRUPOS<br \/>\nROOKIE 7 tandas de 20 minutos &#8211; Pilotos con poca o ninguna experiencia en circuito<br \/>\nAVANZADO 7 tandas de 20 minutos &#8211; Pilotos con experiencia en circuito, que ruedan entre 1. 50 y 2.00<br \/>\nEXPERTO 7 tandas de 20 minutos &#8211; Pilotos expertos con tiempos\u00a0 inferiores a 1,50 m. por vuelta.<\/p>\n<p>CURSO: 3 Alumnos por monitor, 5 salidas a pista con monitor + 2 libres , charla te\u00f3rica y correcciones t\u00e9cnica. PRECIO: 250\u20ac<\/p>\n<p>Si estas interesado en el curso, reserva tu plaza en ROOKIE y ponte en contacto con nosotros por tel\u00e9fono para solicitar el curso.<\/p>\n<p>SERVICIOS:<\/p>\n<p>Cronometraje incluido en el precio<\/p>\n<p>Boxes incluido<\/p>\n<p>2 ambulancias<\/p>\n<p>Servicio de neum\u00e1ticos ( oferta de neum\u00e1ticos bajo reserva previa )<\/p>\n<p>Servicio de fotograf\u00eda<\/p>\n<p>Tramitaci\u00f3n seguro medico: 25\u20ac a pagar en el circuito<\/p>\n","protected":false},"excerpt":{"rendered":"<p>Tandas libres Y CURSO<\/p>\n<p>TANDAS LIBRES 3 GRUPOS<br \/>\nROOKIE 7 tandas de 20 minutos &#8211; Pilotos con poca o ninguna experiencia en circuito<br \/>\nAVANZADO 7 tandas de 20 minutos Pilotos con experiencia en circuito, que ruedan entre 1. 50 y 2.00<br \/>\nEXPERTO 7 tandas de 20 minutos &#8211; Pilotos expertos con tiempos\u00a0 inferiores a 1,50 m. por vuelta.<\/p>\n<p>CURSO: 3 Alumnos por monitor, 5 salidas a pista con monitor + 2 libres , charla te\u00f3rica y correcciones t\u00e9cnica. PRECIO: 250\u20ac<\/p>\n<p>SERVICIOS:<\/p>\n<p>Cronometraje incluido en el precio<\/p>\n<p>Boxes incluido<\/p>\n<p>2 ambulancias<\/p>\n<p>Servicio de neum\u00e1ticos ( oferta de neum\u00e1ticos bajo reserva previa )<\/p>\n<p>Servicio de fotograf\u00eda<\/p>\n<p>Tramitaci\u00f3n seguro medico: 25\u20ac a pagar en el circuito<\/p>\n","protected":false},"featured_media":681,"template":"","meta":[],"product_brand":[],"product_cat":[15],"product_tag":[],"class_list":{"0":"post-829","1":"product","2":"type-product","3":"status-publish","4":"has-post-thumbnail","6":"product_cat-sin-categorizar","8":"first","9":"outofstock","10":"sold-individually","11":"purchasable","12":"product-type-variable","13":"has-default-attributes"},"yoast_head":"<!-- This site is optimized with the Yoast SEO plugin v27.1.1 - https:\/\/yoast.com\/product\/yoast-seo-wordpress\/ -->\n<title>Albacete 20 DE SEPTIEMBRE - AB Riders<\/title>\n<meta name=\"description\" content=\"Tandas libresTANDAS LIBRES 3 GRUPOSROOKIE 7 tandas de 20 minutosAVANZADO 7 tandas de 20 minutosEXPERTO 7 tandas de 20 minutosSERVICIOS:Cronometraje incluido en el precioBoxes incluido2 ambulanciasServicio de neum\u00e1ticos ( oferta de neum\u00e1ticos bajo reserva previa )Servicio de fotograf\u00edaTramitaci\u00f3n seguro medico: 25\u20ac a pagar en el circuito\" \/>\n<meta name=\"robots\" content=\"index, follow, max-snippet:-1, max-image-preview:large, max-video-preview:-1\" \/>\n<link rel=\"canonical\" href=\"https:\/\/abriders.com\/rodadas\/producto\/albacete-abril\/\" \/>\n<meta property=\"og:locale\" content=\"es_ES\" \/>\n<meta property=\"og:type\" content=\"article\" \/>\n<meta property=\"og:title\" content=\"Albacete 20 DE SEPTIEMBRE - AB Riders\" \/>\n<meta property=\"og:description\" content=\"Tandas libresTANDAS LIBRES 3 GRUPOSROOKIE 7 tandas de 20 minutosAVANZADO 7 tandas de 20 minutosEXPERTO 7 tandas de 20 minutosSERVICIOS:Cronometraje incluido en el precioBoxes incluido2 ambulanciasServicio de neum\u00e1ticos ( oferta de neum\u00e1ticos bajo reserva previa )Servicio de fotograf\u00edaTramitaci\u00f3n seguro medico: 25\u20ac a pagar en el circuito\" \/>\n<meta property=\"og:url\" content=\"https:\/\/abriders.com\/rodadas\/producto\/albacete-abril\/\" \/>\n<meta property=\"og:site_name\" content=\"AB Riders\" \/>\n<meta property=\"article:modified_time\" content=\"2026-04-22T14:39:19+00:00\" \/>\n<meta property=\"og:image\" content=\"https:\/\/abriders.com\/rodadas\/wp-content\/uploads\/2025\/11\/2018_calb-e1763399084755.jpg\" \/>\n\t<meta property=\"og:image:width\" content=\"400\" \/>\n\t<meta property=\"og:image:height\" content=\"326\" \/>\n\t<meta property=\"og:image:type\" content=\"image\/jpeg\" \/>\n<meta name=\"twitter:card\" content=\"summary_large_image\" \/>\n<meta name=\"twitter:label1\" content=\"Tiempo de lectura\" \/>\n\t<meta name=\"twitter:data1\" content=\"1 minuto\" \/>\n<script type=\"application\/ld+json\" class=\"yoast-schema-graph\">{\"@context\":\"https:\/\/schema.org\",\"@graph\":[{\"@type\":\"WebPage\",\"@id\":\"https:\/\/abriders.com\/rodadas\/producto\/albacete-abril\/\",\"url\":\"https:\/\/abriders.com\/rodadas\/producto\/albacete-abril\/\",\"name\":\"Albacete 20 DE SEPTIEMBRE - AB Riders\",\"isPartOf\":{\"@id\":\"https:\/\/abriders.com\/rodadas\/#website\"},\"primaryImageOfPage\":{\"@id\":\"https:\/\/abriders.com\/rodadas\/producto\/albacete-abril\/#primaryimage\"},\"image\":{\"@id\":\"https:\/\/abriders.com\/rodadas\/producto\/albacete-abril\/#primaryimage\"},\"thumbnailUrl\":\"https:\/\/abriders.com\/rodadas\/wp-content\/uploads\/2025\/11\/2018_calb-e1763399084755.jpg\",\"datePublished\":\"2025-11-20T08:58:46+00:00\",\"dateModified\":\"2026-04-22T14:39:19+00:00\",\"description\":\"Tandas libresTANDAS LIBRES 3 GRUPOSROOKIE 7 tandas de 20 minutosAVANZADO 7 tandas de 20 minutosEXPERTO 7 tandas de 20 minutosSERVICIOS:Cronometraje incluido en el precioBoxes incluido2 ambulanciasServicio de neum\u00e1ticos ( oferta de neum\u00e1ticos bajo reserva previa )Servicio de fotograf\u00edaTramitaci\u00f3n seguro medico: 25\u20ac a pagar en el circuito\",\"breadcrumb\":{\"@id\":\"https:\/\/abriders.com\/rodadas\/producto\/albacete-abril\/#breadcrumb\"},\"inLanguage\":\"es\",\"potentialAction\":[{\"@type\":\"ReadAction\",\"target\":[\"https:\/\/abriders.com\/rodadas\/producto\/albacete-abril\/\"]}]},{\"@type\":\"ImageObject\",\"inLanguage\":\"es\",\"@id\":\"https:\/\/abriders.com\/rodadas\/producto\/albacete-abril\/#primaryimage\",\"url\":\"https:\/\/abriders.com\/rodadas\/wp-content\/uploads\/2025\/11\/2018_calb-e1763399084755.jpg\",\"contentUrl\":\"https:\/\/abriders.com\/rodadas\/wp-content\/uploads\/2025\/11\/2018_calb-e1763399084755.jpg\",\"width\":400,\"height\":326},{\"@type\":\"BreadcrumbList\",\"@id\":\"https:\/\/abriders.com\/rodadas\/producto\/albacete-abril\/#breadcrumb\",\"itemListElement\":[{\"@type\":\"ListItem\",\"position\":1,\"name\":\"Portada\",\"item\":\"https:\/\/abriders.com\/rodadas\/\"},{\"@type\":\"ListItem\",\"position\":2,\"name\":\"Eventos\",\"item\":\"https:\/\/abriders.com\/rodadas\/calendario-2026\/\"},{\"@type\":\"ListItem\",\"position\":3,\"name\":\"Albacete 20 DE SEPTIEMBRE\"}]},{\"@type\":\"WebSite\",\"@id\":\"https:\/\/abriders.com\/rodadas\/#website\",\"url\":\"https:\/\/abriders.com\/rodadas\/\",\"name\":\"AB Riders\",\"description\":\"Servicios Profesionales en Circuito\",\"publisher\":{\"@id\":\"https:\/\/abriders.com\/rodadas\/#organization\"},\"potentialAction\":[{\"@type\":\"SearchAction\",\"target\":{\"@type\":\"EntryPoint\",\"urlTemplate\":\"https:\/\/abriders.com\/rodadas\/?s={search_term_string}\"},\"query-input\":{\"@type\":\"PropertyValueSpecification\",\"valueRequired\":true,\"valueName\":\"search_term_string\"}}],\"inLanguage\":\"es\"},{\"@type\":\"Organization\",\"@id\":\"https:\/\/abriders.com\/rodadas\/#organization\",\"name\":\"AB Riders\",\"url\":\"https:\/\/abriders.com\/rodadas\/\",\"logo\":{\"@type\":\"ImageObject\",\"inLanguage\":\"es\",\"@id\":\"https:\/\/abriders.com\/rodadas\/#\/schema\/logo\/image\/\",\"url\":\"https:\/\/abriders.com\/rodadas\/wp-content\/uploads\/2021\/03\/cropped-logo-abriders.jpg\",\"contentUrl\":\"https:\/\/abriders.com\/rodadas\/wp-content\/uploads\/2021\/03\/cropped-logo-abriders.jpg\",\"width\":240,\"height\":76,\"caption\":\"AB Riders\"},\"image\":{\"@id\":\"https:\/\/abriders.com\/rodadas\/#\/schema\/logo\/image\/\"}}]}<\/script>\n<!-- \/ Yoast SEO plugin. -->","yoast_head_json":{"title":"Albacete 20 DE SEPTIEMBRE - AB Riders","description":"Tandas libresTANDAS LIBRES 3 GRUPOSROOKIE 7 tandas de 20 minutosAVANZADO 7 tandas de 20 minutosEXPERTO 7 tandas de 20 minutosSERVICIOS:Cronometraje incluido en el precioBoxes incluido2 ambulanciasServicio de neum\u00e1ticos ( oferta de neum\u00e1ticos bajo reserva previa )Servicio de fotograf\u00edaTramitaci\u00f3n seguro medico: 25\u20ac a pagar en el circuito","robots":{"index":"index","follow":"follow","max-snippet":"max-snippet:-1","max-image-preview":"max-image-preview:large","max-video-preview":"max-video-preview:-1"},"canonical":"https:\/\/abriders.com\/rodadas\/producto\/albacete-abril\/","og_locale":"es_ES","og_type":"article","og_title":"Albacete 20 DE SEPTIEMBRE - AB Riders","og_description":"Tandas libresTANDAS LIBRES 3 GRUPOSROOKIE 7 tandas de 20 minutosAVANZADO 7 tandas de 20 minutosEXPERTO 7 tandas de 20 minutosSERVICIOS:Cronometraje incluido en el precioBoxes incluido2 ambulanciasServicio de neum\u00e1ticos ( oferta de neum\u00e1ticos bajo reserva previa )Servicio de fotograf\u00edaTramitaci\u00f3n seguro medico: 25\u20ac a pagar en el circuito","og_url":"https:\/\/abriders.com\/rodadas\/producto\/albacete-abril\/","og_site_name":"AB Riders","article_modified_time":"2026-04-22T14:39:19+00:00","og_image":[{"width":400,"height":326,"url":"https:\/\/abriders.com\/rodadas\/wp-content\/uploads\/2025\/11\/2018_calb-e1763399084755.jpg","type":"image\/jpeg"}],"twitter_card":"summary_large_image","twitter_misc":{"Tiempo de lectura":"1 minuto"},"schema":{"@context":"https:\/\/schema.org","@graph":[{"@type":"WebPage","@id":"https:\/\/abriders.com\/rodadas\/producto\/albacete-abril\/","url":"https:\/\/abriders.com\/rodadas\/producto\/albacete-abril\/","name":"Albacete 20 DE SEPTIEMBRE - AB Riders","isPartOf":{"@id":"https:\/\/abriders.com\/rodadas\/#website"},"primaryImageOfPage":{"@id":"https:\/\/abriders.com\/rodadas\/producto\/albacete-abril\/#primaryimage"},"image":{"@id":"https:\/\/abriders.com\/rodadas\/producto\/albacete-abril\/#primaryimage"},"thumbnailUrl":"https:\/\/abriders.com\/rodadas\/wp-content\/uploads\/2025\/11\/2018_calb-e1763399084755.jpg","datePublished":"2025-11-20T08:58:46+00:00","dateModified":"2026-04-22T14:39:19+00:00","description":"Tandas libresTANDAS LIBRES 3 GRUPOSROOKIE 7 tandas de 20 minutosAVANZADO 7 tandas de 20 minutosEXPERTO 7 tandas de 20 minutosSERVICIOS:Cronometraje incluido en el precioBoxes incluido2 ambulanciasServicio de neum\u00e1ticos ( oferta de neum\u00e1ticos bajo reserva previa )Servicio de fotograf\u00edaTramitaci\u00f3n seguro medico: 25\u20ac a pagar en el circuito","breadcrumb":{"@id":"https:\/\/abriders.com\/rodadas\/producto\/albacete-abril\/#breadcrumb"},"inLanguage":"es","potentialAction":[{"@type":"ReadAction","target":["https:\/\/abriders.com\/rodadas\/producto\/albacete-abril\/"]}]},{"@type":"ImageObject","inLanguage":"es","@id":"https:\/\/abriders.com\/rodadas\/producto\/albacete-abril\/#primaryimage","url":"https:\/\/abriders.com\/rodadas\/wp-content\/uploads\/2025\/11\/2018_calb-e1763399084755.jpg","contentUrl":"https:\/\/abriders.com\/rodadas\/wp-content\/uploads\/2025\/11\/2018_calb-e1763399084755.jpg","width":400,"height":326},{"@type":"BreadcrumbList","@id":"https:\/\/abriders.com\/rodadas\/producto\/albacete-abril\/#breadcrumb","itemListElement":[{"@type":"ListItem","position":1,"name":"Portada","item":"https:\/\/abriders.com\/rodadas\/"},{"@type":"ListItem","position":2,"name":"Eventos","item":"https:\/\/abriders.com\/rodadas\/calendario-2026\/"},{"@type":"ListItem","position":3,"name":"Albacete 20 DE SEPTIEMBRE"}]},{"@type":"WebSite","@id":"https:\/\/abriders.com\/rodadas\/#website","url":"https:\/\/abriders.com\/rodadas\/","name":"AB Riders","description":"Servicios Profesionales en Circuito","publisher":{"@id":"https:\/\/abriders.com\/rodadas\/#organization"},"potentialAction":[{"@type":"SearchAction","target":{"@type":"EntryPoint","urlTemplate":"https:\/\/abriders.com\/rodadas\/?s={search_term_string}"},"query-input":{"@type":"PropertyValueSpecification","valueRequired":true,"valueName":"search_term_string"}}],"inLanguage":"es"},{"@type":"Organization","@id":"https:\/\/abriders.com\/rodadas\/#organization","name":"AB Riders","url":"https:\/\/abriders.com\/rodadas\/","logo":{"@type":"ImageObject","inLanguage":"es","@id":"https:\/\/abriders.com\/rodadas\/#\/schema\/logo\/image\/","url":"https:\/\/abriders.com\/rodadas\/wp-content\/uploads\/2021\/03\/cropped-logo-abriders.jpg","contentUrl":"https:\/\/abriders.com\/rodadas\/wp-content\/uploads\/2021\/03\/cropped-logo-abriders.jpg","width":240,"height":76,"caption":"AB Riders"},"image":{"@id":"https:\/\/abriders.com\/rodadas\/#\/schema\/logo\/image\/"}}]}},"_links":{"self":[{"href":"https:\/\/abriders.com\/rodadas\/wp-json\/wp\/v2\/product\/829","targetHints":{"allow":["GET"]}}],"collection":[{"href":"https:\/\/abriders.com\/rodadas\/wp-json\/wp\/v2\/product"}],"about":[{"href":"https:\/\/abriders.com\/rodadas\/wp-json\/wp\/v2\/types\/product"}],"wp:featuredmedia":[{"embeddable":true,"href":"https:\/\/abriders.com\/rodadas\/wp-json\/wp\/v2\/media\/681"}],"wp:attachment":[{"href":"https:\/\/abriders.com\/rodadas\/wp-json\/wp\/v2\/media?parent=829"}],"wp:term":[{"taxonomy":"product_brand","embeddable":true,"href":"https:\/\/abriders.com\/rodadas\/wp-json\/wp\/v2\/product_brand?post=829"},{"taxonomy":"product_cat","embeddable":true,"href":"https:\/\/abriders.com\/rodadas\/wp-json\/wp\/v2\/product_cat?post=829"},{"taxonomy":"product_tag","embeddable":true,"href":"https:\/\/abriders.com\/rodadas\/wp-json\/wp\/v2\/product_tag?post=829"}],"curies":[{"name":"wp","href":"https:\/\/api.w.org\/{rel}","templated":true}]}}